{"id":17,"date":"2012-10-19T10:47:02","date_gmt":"2012-10-19T08:47:02","guid":{"rendered":"https:\/\/www.alberguepereiro.com\/?page_id=17"},"modified":"2016-04-19T16:33:23","modified_gmt":"2016-04-19T14:33:23","slug":"contacto","status":"publish","type":"page","link":"https:\/\/www.alberguepereiro.com\/de\/kontakt\/","title":{"rendered":"Kontakt"},"content":{"rendered":"<p>F\u00fcr <strong>reservierungen<\/strong> oder weitere Infos, kontaktieren Sie uns \u00fcber:<\/p>\n<ul>\n<li><strong>Telefon<\/strong>: +34 981 506 314<\/li>\n<li><strong>E-mail<\/strong>: info@alberguepereiro.com<\/li>\n<\/ul>\n<p><!--\nOder wenn Sie es bevorzugen, k\u00f6nnen Sie das Formular ausf\u00fcllen und wir werden Sie so schnell wie m\u00f6glich kontaktieren:\n[ninja_forms id=10]\n--><\/p>\n","protected":false},"excerpt":{"rendered":"<p>F\u00fcr reservierungen oder weitere Infos, kontaktieren Sie uns \u00fcber: Telefon: +34 981 506 314 E-mail: info@alberguepereiro.com<\/p>\n","protected":false},"author":1,"featured_media":0,"parent":0,"menu_order":35,"comment_status":"closed","ping_status":"closed","template":"","meta":[],"_links":{"self":[{"href":"https:\/\/www.alberguepereiro.com\/de\/wp-json\/wp\/v2\/pages\/17"}],"collection":[{"href":"https:\/\/www.alberguepereiro.com\/de\/wp-json\/wp\/v2\/pages"}],"about":[{"href":"https:\/\/www.alberguepereiro.com\/de\/wp-json\/wp\/v2\/types\/page"}],"author":[{"embeddable":true,"href":"https:\/\/www.alberguepereiro.com\/de\/wp-json\/wp\/v2\/users\/1"}],"replies":[{"embeddable":true,"href":"https:\/\/www.alberguepereiro.com\/de\/wp-json\/wp\/v2\/comments?post=17"}],"version-history":[{"count":44,"href":"https:\/\/www.alberguepereiro.com\/de\/wp-json\/wp\/v2\/pages\/17\/revisions"}],"predecessor-version":[{"id":458,"href":"https:\/\/www.alberguepereiro.com\/de\/wp-json\/wp\/v2\/pages\/17\/revisions\/458"}],"wp:attachment":[{"href":"https:\/\/www.alberguepereiro.com\/de\/wp-json\/wp\/v2\/media?parent=17"}],"curies":[{"name":"wp","href":"https:\/\/api.w.org\/{rel}","templated":true}]}}