{"id":2,"date":"2012-10-19T08:28:42","date_gmt":"2012-10-19T06:28:42","guid":{"rendered":"https:\/\/www.alberguepereiro.com\/?page_id=2"},"modified":"2021-12-20T14:13:49","modified_gmt":"2021-12-20T13:13:49","slug":"inicio","status":"publish","type":"page","link":"https:\/\/www.alberguepereiro.com\/de\/","title":{"rendered":"Willkommen"},"content":{"rendered":"<p><a href=\"https:\/\/www.alberguepereiro.com\/wp-content\/uploads\/2013\/06\/recepcion.jpg\"><img loading=\"lazy\" class=\"alignright size-medium wp-image-258\" src=\"https:\/\/www.alberguepereiro.com\/wp-content\/uploads\/2013\/06\/recepcion-300x197.jpg\" alt=\"\" width=\"300\" height=\"197\" srcset=\"https:\/\/www.alberguepereiro.com\/wp-content\/uploads\/2013\/06\/recepcion-300x197.jpg 300w, https:\/\/www.alberguepereiro.com\/wp-content\/uploads\/2013\/06\/recepcion-800x526.jpg 800w, https:\/\/www.alberguepereiro.com\/wp-content\/uploads\/2013\/06\/recepcion-700x460.jpg 700w, https:\/\/www.alberguepereiro.com\/wp-content\/uploads\/2013\/06\/recepcion-332x218.jpg 332w, https:\/\/www.alberguepereiro.com\/wp-content\/uploads\/2013\/06\/recepcion.jpg 1280w\" sizes=\"(max-width: 300px) 100vw, 300px\" \/><\/a><\/p>\n<div id=\"TA_cdsratingsonlynarrow116\" class=\"alignright TA_cdsratingsonlynarrow\"><\/div>\n<p>Die Herberge Pereiro befindet sich in der Ortschaft Melide, auf der historischen Route des Camino de Santiago, Treffpunkt zwischen dem traditionellen Franz\u00f6sischen Weg (Camino Franc\u00e9s) und dem zunehmend frequentierten Camino Primitivo (Urspr\u00fcnglicher Weg). Diese Ortschaft liegt im Kern von Galicien. im Zentrum, kann man interessante touristische Gebiete genie\u00dfen, wie ihren monumentalen Stadtkern mit \u00dcberresten der keltischen Zeit oder Denkm\u00e4ler der Romantik. Es hat eine Vielzahl von Landschaften und Natur von gro\u00dfer Sch\u00f6nheit und Ruhe.<\/p>\n<p>Die Herberge Pereiro er\u00f6ffnete im Mai 2013 und verf\u00fcgt \u00fcber 40 \u00dcbernachtungspl\u00e4tze und alle Dienstleistungen, die Sie ben\u00f6tigen. Im Jahr 2016, die herberge Pereiro erweitert seine dienstleistungen mit, private zimmer mit bad, heizung und WiFi.<\/p>\n<p>In der N\u00e4he der Herberge finden Sie Restaurants und Caf\u00e9s, ein \u00c4rzte-Zentrum, Apotheken, Superm\u00e4rkte und Handel f\u00fcr alle Bed\u00fcrfnisse.<\/p>\n<p>Unser Ziel ist es, dass die G\u00e4ste sich wohl f\u00fchlen mit besten Einrichtungen in einer freundlichen Umgebung.<\/p>\n<p><iframe loading=\"lazy\" src=\"\/\/www.youtube.com\/embed\/kGPnXAY8QLU\" width=\"560\" height=\"315\" frameborder=\"0\" allowfullscreen=\"allowfullscreen\"><\/iframe><\/p>\n<p><script src=\"http:\/\/www.jscache.com\/wejs?wtype=cdsratingsonlynarrow&amp;uniq=116&amp;locationId=4494764&amp;lang=de&amp;border=true&amp;shadow=false&amp;display_version=2\"><\/script><\/p>\n","protected":false},"excerpt":{"rendered":"<p>Die Herberge Pereiro befindet sich in der Ortschaft Melide, auf der historischen Route des Camino de Santiago, Treffpunkt zwischen dem traditionellen Franz\u00f6sischen Weg (Camino Franc\u00e9s) und dem zunehmend frequentierten Camino Primitivo (Urspr\u00fcnglicher Weg). Diese Ortschaft liegt im Kern von Galicien. im Zentrum, kann man interessante touristische Gebiete genie\u00dfen, wie ihren &#8230;<\/p>\n","protected":false},"author":1,"featured_media":0,"parent":0,"menu_order":0,"comment_status":"closed","ping_status":"closed","template":"","meta":[],"_links":{"self":[{"href":"https:\/\/www.alberguepereiro.com\/de\/wp-json\/wp\/v2\/pages\/2"}],"collection":[{"href":"https:\/\/www.alberguepereiro.com\/de\/wp-json\/wp\/v2\/pages"}],"about":[{"href":"https:\/\/www.alberguepereiro.com\/de\/wp-json\/wp\/v2\/types\/page"}],"author":[{"embeddable":true,"href":"https:\/\/www.alberguepereiro.com\/de\/wp-json\/wp\/v2\/users\/1"}],"replies":[{"embeddable":true,"href":"https:\/\/www.alberguepereiro.com\/de\/wp-json\/wp\/v2\/comments?post=2"}],"version-history":[{"count":99,"href":"https:\/\/www.alberguepereiro.com\/de\/wp-json\/wp\/v2\/pages\/2\/revisions"}],"predecessor-version":[{"id":523,"href":"https:\/\/www.alberguepereiro.com\/de\/wp-json\/wp\/v2\/pages\/2\/revisions\/523"}],"wp:attachment":[{"href":"https:\/\/www.alberguepereiro.com\/de\/wp-json\/wp\/v2\/media?parent=2"}],"curies":[{"name":"wp","href":"https:\/\/api.w.org\/{rel}","templated":true}]}}