{"id":9,"date":"2012-10-19T10:46:00","date_gmt":"2012-10-19T08:46:00","guid":{"rendered":"https:\/\/www.alberguepereiro.com\/?page_id=9"},"modified":"2016-07-09T20:49:21","modified_gmt":"2016-07-09T18:49:21","slug":"servicios","status":"publish","type":"page","link":"https:\/\/www.alberguepereiro.com\/de\/dienstleistungen\/","title":{"rendered":"Dienstleistungen"},"content":{"rendered":"<div class=\"services-section\">\n<div class=\"section-title\">SCHLAFR\u00c4UME<\/div>\n<ul>\n<li>Stockbetten mit Matratzen 90&#215;190 cm<\/li>\n<li>Einwegbettw\u00e4sche und kissen<\/li>\n<li>Heizung<\/li>\n<li>Steckdosen<\/li>\n<\/ul>\n<\/div>\n<div class=\"services-section\">\n<div class=\"section-title\">PRIVATE ZIMMER<\/div>\n<ul>\n<li>Einzelzimmer<\/li>\n<li>Doppelzimmer \/ Zweibettzimmer<\/li>\n<li>Dreibettzimmer<\/li>\n<\/ul>\n<\/div>\n<div class=\"services-section\">\n<div class=\"section-title\">K\u00dcCHE<\/div>\n<ul>\n<li>Ceranfeld<\/li>\n<li>Mikrowelle<\/li>\n<li>K\u00fchlschrank<\/li>\n<li>K\u00fcchenutensilien (Geschirr mit Besteck, pfannen&#8230;)<\/li>\n<\/ul>\n<\/div>\n<div class=\"services-section\">\n<div class=\"section-title\">TOILETTEN<\/div>\n<ul>\n<li>Trennung M\u00e4nner-Frauen<\/li>\n<li>Duschen mit warmem Wasser<\/li>\n<\/ul>\n<\/div>\n<div class=\"services-section\">\n<div class=\"section-title\">FAHRRADABSTELLPLATZ<\/div>\n<ul>\n<li>Fahrradst\u00e4nder<\/li>\n<li>Innen-Abstellplatz<\/li>\n<\/ul>\n<\/div>\n<div class=\"services-section\">\n<div class=\"section-title\">W\u00c4SCHERAUM<\/div>\n<ul>\n<li>Waschmaschine<\/li>\n<li>Trockner<\/li>\n<li>Aussenwaschbecken<\/li>\n<li>Aussen-W\u00e4scheleine<\/li>\n<li>Klappbare W\u00e4schetrockenst\u00e4nder<\/li>\n<\/ul>\n<\/div>\n<div class=\"services-section\">\n<div class=\"section-title\">AUFENTHALSRAUM UND ESSRAUM<\/div>\n<ul>\n<li>Sofas, Tische und St\u00fchle<\/li>\n<li>Computer mit Internetanschluss<\/li>\n<li>T.V.<\/li>\n<\/ul>\n<\/div>\n<div class=\"services-section\">\n<div class=\"section-title\">WEITERE DIENSTLEISTUNGEN<\/div>\n<ul>\n<li>Einzelzimmer mit Badezimmer f\u00fcr Schwerbehinderte<\/li>\n<li>Verbandskasten<\/li>\n<li>Free Wi-Fi<\/li>\n<li>Kreditarten werden als Zahlungsmittel akzeptiert<\/li>\n<li>Rucksackbef\u00f6rderung<\/li>\n<li>Snackautomat und Caf\u00e9teria<\/li>\n<li>Terrasse mit Tischen und St\u00fchlen<\/li>\n<li>Haustiere willkommen (mit vorheriger Reservierung)<\/li>\n<li>Boxen f\u00fcr Pferde (mit vorheriger Reservierung)<\/li>\n<\/ul>\n<\/div>\n","protected":false},"excerpt":{"rendered":"<p>SCHLAFR\u00c4UME Stockbetten mit Matratzen 90&#215;190 cm Einwegbettw\u00e4sche und kissen Heizung Steckdosen PRIVATE ZIMMER Einzelzimmer Doppelzimmer \/ Zweibettzimmer Dreibettzimmer K\u00dcCHE Ceranfeld Mikrowelle K\u00fchlschrank K\u00fcchenutensilien (Geschirr mit Besteck, pfannen&#8230;) TOILETTEN Trennung M\u00e4nner-Frauen Duschen mit warmem Wasser FAHRRADABSTELLPLATZ Fahrradst\u00e4nder Innen-Abstellplatz W\u00c4SCHERAUM Waschmaschine Trockner Aussenwaschbecken Aussen-W\u00e4scheleine Klappbare W\u00e4schetrockenst\u00e4nder AUFENTHALSRAUM UND ESSRAUM Sofas, Tische und &#8230;<\/p>\n","protected":false},"author":1,"featured_media":0,"parent":0,"menu_order":10,"comment_status":"closed","ping_status":"closed","template":"","meta":[],"_links":{"self":[{"href":"https:\/\/www.alberguepereiro.com\/de\/wp-json\/wp\/v2\/pages\/9"}],"collection":[{"href":"https:\/\/www.alberguepereiro.com\/de\/wp-json\/wp\/v2\/pages"}],"about":[{"href":"https:\/\/www.alberguepereiro.com\/de\/wp-json\/wp\/v2\/types\/page"}],"author":[{"embeddable":true,"href":"https:\/\/www.alberguepereiro.com\/de\/wp-json\/wp\/v2\/users\/1"}],"replies":[{"embeddable":true,"href":"https:\/\/www.alberguepereiro.com\/de\/wp-json\/wp\/v2\/comments?post=9"}],"version-history":[{"count":30,"href":"https:\/\/www.alberguepereiro.com\/de\/wp-json\/wp\/v2\/pages\/9\/revisions"}],"predecessor-version":[{"id":477,"href":"https:\/\/www.alberguepereiro.com\/de\/wp-json\/wp\/v2\/pages\/9\/revisions\/477"}],"wp:attachment":[{"href":"https:\/\/www.alberguepereiro.com\/de\/wp-json\/wp\/v2\/media?parent=9"}],"curies":[{"name":"wp","href":"https:\/\/api.w.org\/{rel}","templated":true}]}}