{"id":13,"date":"2012-10-19T10:46:33","date_gmt":"2012-10-19T08:46:33","guid":{"rendered":"https:\/\/www.alberguepereiro.com\/?page_id=13"},"modified":"2014-09-25T21:59:39","modified_gmt":"2014-09-25T19:59:39","slug":"localizacion","status":"publish","type":"page","link":"https:\/\/www.alberguepereiro.com\/fr\/emplacement\/","title":{"rendered":"Emplacement"},"content":{"rendered":"<p><em>C\/ Progreso N\u00ba 43 15800 &#8211; Melide A Coru\u00f1a <\/em><\/p>\n<h3>Indications pour arriver \u00e0 l\u2019auberge<\/h3>\n<h4>A pied<\/h4>\n<p>En arrivant au centre du village, l\u2019auberge se trouve \u00e0 70 metros de la rotonde, en direction route de Santiago.<\/p>\n<h4>En autobus<\/h4>\n<p>A 50 m de l\u2019auberge se trouve un arr\u00eat d\u2019autobus de la l\u00edngne r\u00e9guli\u00e8re Lugo-Santiago de Compostela (dans les 2 sens) , avec arret a`l\u2019aeroport de Lavacolla.<\/p>\n<h4>En Voiture<\/h4>\n<p>Coordin\u00e9es GPS: Latitude: 42\u00ba54\u00b447.34&#8243; N Longitude: 8\u00ba1\u00b42.5314&#8243; O<\/p>\n<h4>Carte<\/h4>\n<p style=\"text-align: center;\">\n<iframe loading=\"lazy\" src=\"https:\/\/www.google.com\/maps\/embed?pb=!1m14!1m8!1m3!1d2922.031815203129!2d-8.014744291648856!3d42.914369992243344!3m2!1i1024!2i768!4f13.1!3m3!1m2!1s0xd2e333d864ae941%3A0xb8afb7776782549!2sAlbergue+Pereiro!5e0!3m2!1ses!2suk!4v1411674782489\" width=\"425\" height=\"350\" frameborder=\"0\" style=\"border:0\"><\/iframe><small><a href=\"https:\/\/www.google.com\/maps\/place\/Albergue+Pereiro\/@42.91437,-8.0147443,17z\/data=!4m2!3m1!1s0xd2e333d864ae941:0xb8afb7776782549?hl=es\">See larger map<\/a><\/small><\/p>\n","protected":false},"excerpt":{"rendered":"<p>C\/ Progreso N\u00ba 43 15800 &#8211; Melide A Coru\u00f1a Indications pour arriver \u00e0 l\u2019auberge A pied En arrivant au centre du village, l\u2019auberge se trouve \u00e0 70 metros de la rotonde, en direction route de Santiago. En autobus A 50 m de l\u2019auberge se trouve un arr\u00eat d\u2019autobus de la &#8230;<\/p>\n","protected":false},"author":1,"featured_media":0,"parent":0,"menu_order":20,"comment_status":"closed","ping_status":"closed","template":"","meta":[],"_links":{"self":[{"href":"https:\/\/www.alberguepereiro.com\/fr\/wp-json\/wp\/v2\/pages\/13"}],"collection":[{"href":"https:\/\/www.alberguepereiro.com\/fr\/wp-json\/wp\/v2\/pages"}],"about":[{"href":"https:\/\/www.alberguepereiro.com\/fr\/wp-json\/wp\/v2\/types\/page"}],"author":[{"embeddable":true,"href":"https:\/\/www.alberguepereiro.com\/fr\/wp-json\/wp\/v2\/users\/1"}],"replies":[{"embeddable":true,"href":"https:\/\/www.alberguepereiro.com\/fr\/wp-json\/wp\/v2\/comments?post=13"}],"version-history":[{"count":27,"href":"https:\/\/www.alberguepereiro.com\/fr\/wp-json\/wp\/v2\/pages\/13\/revisions"}],"predecessor-version":[{"id":325,"href":"https:\/\/www.alberguepereiro.com\/fr\/wp-json\/wp\/v2\/pages\/13\/revisions\/325"}],"wp:attachment":[{"href":"https:\/\/www.alberguepereiro.com\/fr\/wp-json\/wp\/v2\/media?parent=13"}],"curies":[{"name":"wp","href":"https:\/\/api.w.org\/{rel}","templated":true}]}}